{"id":585,"date":"2025-02-25T15:18:25","date_gmt":"2025-02-25T15:18:25","guid":{"rendered":"https:\/\/dev.obsidiana.pt\/cafeeiro\/?page_id=585"},"modified":"2025-02-26T00:06:09","modified_gmt":"2025-02-26T00:06:09","slug":"tipografia","status":"publish","type":"page","link":"https:\/\/dev.obsidiana.pt\/cafeeiro\/tipografia\/","title":{"rendered":"Tipografia"},"content":{"rendered":"\t\t<div data-elementor-type=\"wp-page\" data-elementor-id=\"585\" class=\"elementor elementor-585\">\n\t\t\t\t<div class=\"elementor-element elementor-element-e941686 e-con-full e-flex wpr-particle-no wpr-jarallax-no wpr-parallax-no wpr-sticky-section-no e-con e-parent\" data-id=\"e941686\" data-element_type=\"container\" data-settings=\"{&quot;background_background&quot;:&quot;classic&quot;}\">\n\t\t<div class=\"elementor-element elementor-element-64bf99f e-con-full e-flex wpr-particle-no wpr-jarallax-no wpr-parallax-no wpr-sticky-section-no e-con e-child\" data-id=\"64bf99f\" data-element_type=\"container\">\n\t\t\t\t<div class=\"elementor-element elementor-element-cc0f4eb elementor-widget elementor-widget-heading\" data-id=\"cc0f4eb\" data-element_type=\"widget\" data-widget_type=\"heading.default\">\n\t\t\t\t<div class=\"elementor-widget-container\">\n\t\t\t\t\t<h1 class=\"elementor-heading-title elementor-size-default\">Tipografia<\/h1>\t\t\t\t<\/div>\n\t\t\t\t<\/div>\n\t\t\t\t<\/div>\n\t\t<div class=\"elementor-element elementor-element-14227cf e-con-full e-flex wpr-particle-no wpr-jarallax-no wpr-parallax-no wpr-sticky-section-no e-con e-child\" data-id=\"14227cf\" data-element_type=\"container\">\n\t\t<div class=\"elementor-element elementor-element-344fddb e-con-full e-flex wpr-particle-no wpr-jarallax-no wpr-parallax-no wpr-sticky-section-no e-con e-child\" data-id=\"344fddb\" data-element_type=\"container\" data-settings=\"{&quot;background_background&quot;:&quot;classic&quot;}\">\n\t\t<div class=\"elementor-element elementor-element-3eeb063 e-con-full e-flex wpr-particle-no wpr-jarallax-no wpr-parallax-no wpr-sticky-section-no e-con e-child\" data-id=\"3eeb063\" data-element_type=\"container\">\n\t\t\t\t<div class=\"elementor-element elementor-element-0481021 elementor-widget elementor-widget-text-editor\" data-id=\"0481021\" data-element_type=\"widget\" data-widget_type=\"text-editor.default\">\n\t\t\t\t<div class=\"elementor-widget-container\">\n\t\t\t\t\t\t\t\t\t<p><b>Montserrat<\/b><span style=\"font-weight: 400;\"> \u2192 <\/span><span style=\"font-weight: 400;\">600<\/span><span style=\"font-weight: 400;\"> (Semi-Bold)<\/span><\/p><p>Para t\u00edtulos, subt\u00edtulos e elementos de destaque<\/p>\t\t\t\t\t\t\t\t<\/div>\n\t\t\t\t<\/div>\n\t\t\t\t<\/div>\n\t\t<div class=\"elementor-element elementor-element-99cc354 e-con-full e-flex wpr-particle-no wpr-jarallax-no wpr-parallax-no wpr-sticky-section-no e-con e-child\" data-id=\"99cc354\" data-element_type=\"container\">\n\t\t\t\t<div class=\"elementor-element elementor-element-14eaf91 elementor-widget elementor-widget-heading\" data-id=\"14eaf91\" data-element_type=\"widget\" data-widget_type=\"heading.default\">\n\t\t\t\t<div class=\"elementor-widget-container\">\n\t\t\t\t\t<h2 class=\"elementor-heading-title elementor-size-default\">T\u00edtulo<\/h2>\t\t\t\t<\/div>\n\t\t\t\t<\/div>\n\t\t\t\t<\/div>\n\t\t\t\t<\/div>\n\t\t<div class=\"elementor-element elementor-element-a15b939 e-con-full e-flex wpr-particle-no wpr-jarallax-no wpr-parallax-no wpr-sticky-section-no e-con e-child\" data-id=\"a15b939\" data-element_type=\"container\" data-settings=\"{&quot;background_background&quot;:&quot;classic&quot;}\">\n\t\t<div class=\"elementor-element elementor-element-aa673ce e-con-full e-flex wpr-particle-no wpr-jarallax-no wpr-parallax-no wpr-sticky-section-no e-con e-child\" data-id=\"aa673ce\" data-element_type=\"container\">\n\t\t\t\t<div class=\"elementor-element elementor-element-1425603 elementor-widget elementor-widget-text-editor\" data-id=\"1425603\" data-element_type=\"widget\" data-widget_type=\"text-editor.default\">\n\t\t\t\t<div class=\"elementor-widget-container\">\n\t\t\t\t\t\t\t\t\t<p><b>Lato<\/b><span style=\"font-weight: 400;\"> \u2192 <\/span><span style=\"font-weight: 400;\">400<\/span><span style=\"font-weight: 400;\"> (Regular)<\/span><\/p><p><span style=\"font-weight: 400;\">Para o corpo do texto, garantindo legibilidade.<\/span><\/p>\t\t\t\t\t\t\t\t<\/div>\n\t\t\t\t<\/div>\n\t\t\t\t<\/div>\n\t\t<div class=\"elementor-element elementor-element-b95b100 e-con-full e-flex wpr-particle-no wpr-jarallax-no wpr-parallax-no wpr-sticky-section-no e-con e-child\" data-id=\"b95b100\" data-element_type=\"container\">\n\t\t\t\t<div class=\"elementor-element elementor-element-94f21a1 elementor-widget elementor-widget-heading\" data-id=\"94f21a1\" data-element_type=\"widget\" data-widget_type=\"heading.default\">\n\t\t\t\t<div class=\"elementor-widget-container\">\n\t\t\t\t\t<h2 class=\"elementor-heading-title elementor-size-default\">Texto<\/h2>\t\t\t\t<\/div>\n\t\t\t\t<\/div>\n\t\t\t\t<\/div>\n\t\t\t\t<\/div>\n\t\t<div class=\"elementor-element elementor-element-12bc322 e-con-full e-flex wpr-particle-no wpr-jarallax-no wpr-parallax-no wpr-sticky-section-no e-con e-child\" data-id=\"12bc322\" data-element_type=\"container\" data-settings=\"{&quot;background_background&quot;:&quot;classic&quot;}\">\n\t\t<div class=\"elementor-element elementor-element-90a2282 e-con-full e-flex wpr-particle-no wpr-jarallax-no wpr-parallax-no wpr-sticky-section-no e-con e-child\" data-id=\"90a2282\" data-element_type=\"container\">\n\t\t\t\t<div class=\"elementor-element elementor-element-7f24e7f elementor-widget elementor-widget-text-editor\" data-id=\"7f24e7f\" data-element_type=\"widget\" data-widget_type=\"text-editor.default\">\n\t\t\t\t<div class=\"elementor-widget-container\">\n\t\t\t\t\t\t\t\t\t<p><b>Roboto Slab<\/b><span style=\"font-weight: 400;\"> \u2192 <\/span><span style=\"font-weight: 400;\">500<\/span><span style=\"font-weight: 400;\"> (Medium)<\/span><\/p><p><span style=\"font-weight: 400;\">Para frases curtas e realces.<\/span><\/p>\t\t\t\t\t\t\t\t<\/div>\n\t\t\t\t<\/div>\n\t\t\t\t<\/div>\n\t\t<div class=\"elementor-element elementor-element-bba2b6a e-con-full e-flex wpr-particle-no wpr-jarallax-no wpr-parallax-no wpr-sticky-section-no e-con e-child\" data-id=\"bba2b6a\" data-element_type=\"container\">\n\t\t\t\t<div class=\"elementor-element elementor-element-f7eb986 elementor-widget elementor-widget-heading\" data-id=\"f7eb986\" data-element_type=\"widget\" data-widget_type=\"heading.default\">\n\t\t\t\t<div class=\"elementor-widget-container\">\n\t\t\t\t\t<h2 class=\"elementor-heading-title elementor-size-default\">Acentuado<\/h2>\t\t\t\t<\/div>\n\t\t\t\t<\/div>\n\t\t\t\t<\/div>\n\t\t\t\t<\/div>\n\t\t<div class=\"elementor-element elementor-element-57c5ec0 e-con-full e-flex wpr-particle-no wpr-jarallax-no wpr-parallax-no wpr-sticky-section-no e-con e-child\" data-id=\"57c5ec0\" data-element_type=\"container\" data-settings=\"{&quot;background_background&quot;:&quot;classic&quot;}\">\n\t\t<div class=\"elementor-element elementor-element-a247eca e-con-full e-flex wpr-particle-no wpr-jarallax-no wpr-parallax-no wpr-sticky-section-no e-con e-child\" data-id=\"a247eca\" data-element_type=\"container\">\n\t\t\t\t<div class=\"elementor-element elementor-element-30c8f38 elementor-widget elementor-widget-text-editor\" data-id=\"30c8f38\" data-element_type=\"widget\" data-widget_type=\"text-editor.default\">\n\t\t\t\t<div class=\"elementor-widget-container\">\n\t\t\t\t\t\t\t\t\t<p><b>Playwrite FR Moderne<\/b><span style=\"font-weight: 400;\"> \u2192 <\/span><span style=\"font-weight: 400;\">700<\/span><span style=\"font-weight: 400;\"> (Bold)<\/span><\/p><p><span style=\"font-weight: 400;\">Para o logotipo e marca nominativa.<\/span><\/p>\t\t\t\t\t\t\t\t<\/div>\n\t\t\t\t<\/div>\n\t\t\t\t<\/div>\n\t\t<div class=\"elementor-element elementor-element-78770bd e-con-full e-flex wpr-particle-no wpr-jarallax-no wpr-parallax-no wpr-sticky-section-no e-con e-child\" data-id=\"78770bd\" data-element_type=\"container\">\n\t\t\t\t<div class=\"elementor-element elementor-element-10272eb elementor-widget elementor-widget-heading\" data-id=\"10272eb\" data-element_type=\"widget\" data-widget_type=\"heading.default\">\n\t\t\t\t<div class=\"elementor-widget-container\">\n\t\t\t\t\t<h2 class=\"elementor-heading-title elementor-size-default\">Cafeeiro<\/h2>\t\t\t\t<\/div>\n\t\t\t\t<\/div>\n\t\t\t\t<\/div>\n\t\t\t\t<\/div>\n\t\t\t\t<\/div>\n\t\t\t\t<\/div>\n\t\t\t\t<\/div>\n\t\t","protected":false},"excerpt":{"rendered":"<p>Tipografia Montserrat \u2192 600 (Semi-Bold) Para t\u00edtulos, subt\u00edtulos e elementos de destaque T\u00edtulo Lato \u2192 400 (Regular) Para o corpo do texto, garantindo legibilidade. Texto Roboto Slab \u2192 500 (Medium) Para frases curtas e realces. Acentuado Playwrite FR Moderne \u2192 700 (Bold) Para o logotipo e marca nominativa. Cafeeiro<\/p>\n","protected":false},"author":1,"featured_media":0,"parent":0,"menu_order":0,"comment_status":"closed","ping_status":"closed","template":"elementor_header_footer","meta":{"footnotes":""},"class_list":["post-585","page","type-page","status-publish","hentry"],"blocksy_meta":[],"_links":{"self":[{"href":"https:\/\/dev.obsidiana.pt\/cafeeiro\/wp-json\/wp\/v2\/pages\/585","targetHints":{"allow":["GET"]}}],"collection":[{"href":"https:\/\/dev.obsidiana.pt\/cafeeiro\/wp-json\/wp\/v2\/pages"}],"about":[{"href":"https:\/\/dev.obsidiana.pt\/cafeeiro\/wp-json\/wp\/v2\/types\/page"}],"author":[{"embeddable":true,"href":"https:\/\/dev.obsidiana.pt\/cafeeiro\/wp-json\/wp\/v2\/users\/1"}],"replies":[{"embeddable":true,"href":"https:\/\/dev.obsidiana.pt\/cafeeiro\/wp-json\/wp\/v2\/comments?post=585"}],"version-history":[{"count":59,"href":"https:\/\/dev.obsidiana.pt\/cafeeiro\/wp-json\/wp\/v2\/pages\/585\/revisions"}],"predecessor-version":[{"id":701,"href":"https:\/\/dev.obsidiana.pt\/cafeeiro\/wp-json\/wp\/v2\/pages\/585\/revisions\/701"}],"wp:attachment":[{"href":"https:\/\/dev.obsidiana.pt\/cafeeiro\/wp-json\/wp\/v2\/media?parent=585"}],"curies":[{"name":"wp","href":"https:\/\/api.w.org\/{rel}","templated":true}]}}